{"id":35,"date":"2014-01-05T14:22:10","date_gmt":"2014-01-05T14:22:10","guid":{"rendered":"http:\/\/www.kleurrijkfryslan.org\/wp\/?page_id=35"},"modified":"2014-01-13T00:35:02","modified_gmt":"2014-01-12T23:35:02","slug":"organisatie","status":"publish","type":"page","link":"https:\/\/kleurrijkfryslan.org\/wp\/?page_id=35","title":{"rendered":"Organisatie"},"content":{"rendered":"<p>Het Platform Levensbeschouwing in Kleurrijk Frysl\u00e2n wil een bijdrage leveren aan de multiculturele samenleving vanuit de invalshoek levensbeschouwing met respect voor de identiteit van de ander en op basis van volstrekte gelijkwaardigheid.<\/p>\n<hr \/>\n<p><img loading=\"lazy\" decoding=\"async\" class=\"size-full wp-image-679 alignright\" alt=\"logo\" src=\"https:\/\/kleurrijkfryslan.org\/wp\/wp-content\/uploads\/2014\/01\/logo3.png\" width=\"314\" height=\"142\" srcset=\"https:\/\/kleurrijkfryslan.org\/wp\/wp-content\/uploads\/2014\/01\/logo3.png 314w, https:\/\/kleurrijkfryslan.org\/wp\/wp-content\/uploads\/2014\/01\/logo3-300x135.png 300w\" sizes=\"auto, (max-width: 314px) 100vw, 314px\" \/><\/p>\n<p><strong>Betekenis Logo<\/strong><\/p>\n<p>Opvallend aan het nieuwe logo is het kleurgebruik. Het nieuwe logo bezit alle kleuren van de regenboog. Al deze kleuren samen representeren waar Kleurrijk Frysl\u00e2n voor staat: een grote diversiteit die samen een rijk geheel vormt. De kleuren staan ook voor vreugde en positiviteit, precies datgene wat Kleurrijk Frysl\u00e2n beoogt uit te stralen. De vorm van de kleurenboog is kenmerkend voor de activiteiten van Kleurrijk Frysl\u00e2n.<\/p>\n<p>Het logo bezit links een \u2018overkoepelende\u2019 boog, en rechts een \u2018opvangende\u2019 boog. Het overkoepelende deel staat voor de overkoepeling die Kleurrijk Frysl\u00e2n probeert te realiseren tussen levensbeschouwelijke stromingen. Het opvangende deel van het logo staat voor het opvangen van en aandacht geven aan de zwakkeren in onze Friese samenleving.<\/p>\n<p>De kleurenregenboog in het logo loopt van een punt naar een brede baan. Hier is bewust voor gekozen. Kleurrijk Frysl\u00e2n heeft als doel om van een kleine stroom van verschillende levensbeschouwelijke groeperingen een brede en sterke stroom te maken. De kleuren in de baan verwisselen. Dit geeft de diversiteit van de organisatie, de deelnemers en bezoekers weer.<\/p>\n<p>Het gekozen lettertype straalt degelijkheid uit, hetgeen Kleurrijk Frysl\u00e2n wil bieden. Zo is het lettertype ook als eenvoudig en duidelijk te bestempelen, als teken dat Kleurrijk Frysl\u00e2n puur en open wil zijn. Door deze kenmerken is het logo helder en bondig, waardoor de kern van Kleurrijk Frysl\u00e2n naar voren komt en het logo representatief is voor de organisatie.<\/p>\n<p>Het dakje op de \u00e2 van Frysl\u00e2n is rood. Door het dakje op de a te accentueren wordt het woord Frysl\u00e2n uitgelicht om het werkveld en de achtergrond van de organisatie aan te geven. Het accentueren van het \u2018dakje\u2019 op de letter a geeft ook aan dat Kleurrijk Frysl\u00e2n een dak biedt aan alle levensbeschouwelijke organisaties en inwoners van Friesland.<\/p>\n<hr \/>\n","protected":false},"excerpt":{"rendered":"<p>Het Platform Levensbeschouwing in Kleurrijk Frysl\u00e2n wil een bijdrage leveren aan de multiculturele samenleving vanuit de invalshoek levensbeschouwing met respect voor de identiteit van de ander en op basis van volstrekte gelijkwaardigheid. Betekenis Logo Opvallend aan het nieuwe logo is het kleurgebruik. Het nieuwe logo bezit alle kleuren van de regenboog. Al deze kleuren samen <a class=\"read-more\" href=\"https:\/\/kleurrijkfryslan.org\/wp\/?page_id=35\">[&hellip;]<\/a><\/p>\n","protected":false},"author":1,"featured_media":0,"parent":0,"menu_order":1,"comment_status":"closed","ping_status":"closed","template":"","meta":{"jetpack_post_was_ever_published":false,"footnotes":""},"class_list":["post-35","page","type-page","status-publish","hentry"],"jetpack_sharing_enabled":false,"_links":{"self":[{"href":"https:\/\/kleurrijkfryslan.org\/wp\/index.php?rest_route=\/wp\/v2\/pages\/35","targetHints":{"allow":["GET"]}}],"collection":[{"href":"https:\/\/kleurrijkfryslan.org\/wp\/index.php?rest_route=\/wp\/v2\/pages"}],"about":[{"href":"https:\/\/kleurrijkfryslan.org\/wp\/index.php?rest_route=\/wp\/v2\/types\/page"}],"author":[{"embeddable":true,"href":"https:\/\/kleurrijkfryslan.org\/wp\/index.php?rest_route=\/wp\/v2\/users\/1"}],"replies":[{"embeddable":true,"href":"https:\/\/kleurrijkfryslan.org\/wp\/index.php?rest_route=%2Fwp%2Fv2%2Fcomments&post=35"}],"version-history":[{"count":0,"href":"https:\/\/kleurrijkfryslan.org\/wp\/index.php?rest_route=\/wp\/v2\/pages\/35\/revisions"}],"wp:attachment":[{"href":"https:\/\/kleurrijkfryslan.org\/wp\/index.php?rest_route=%2Fwp%2Fv2%2Fmedia&parent=35"}],"curies":[{"name":"wp","href":"https:\/\/api.w.org\/{rel}","templated":true}]}}